{"id":965,"date":"2016-11-02T15:26:14","date_gmt":"2016-11-02T13:26:14","guid":{"rendered":"http:\/\/aastakonverents.humanrightsestonia.ee\/en\/?page_id=965"},"modified":"2016-11-28T15:32:03","modified_gmt":"2016-11-28T13:32:03","slug":"introduction-2016-2","status":"publish","type":"page","link":"https:\/\/aastakonverents.humanrightsestonia.ee\/en\/conference-of-human-rights-2016\/introduction-2016-2\/","title":{"rendered":"Introduction 2016"},"content":{"rendered":"<h1>Annual Conference of Human Rights 2016<\/h1>\n<h2><i>Black-and-White Values in a Polarizing World<\/i><\/h2>\n<p style=\"text-align: justify;\"><strong>The sixth annual Conference on Human Rights will focus on two topical issues of international concern: migration with a main focus on immigration issues; and propaganda as it related to the freedom of speech. <\/strong><\/p>\n<p style=\"text-align: justify;\"><strong>This year\u2019s topics include a public opinion survey on human rights conducted among Estonians, and among new immigrants living in Estonia regarding their assessment of human rights and their acclimation to Estonia. We will speak about collective rights and propaganda, which have changed people\u2019s understanding about fundamental rights. In light of the migration crisis, we will ask, \u201cWho is European and who has the right to be European?\u201d And we will also examine whether, in a Europe of increasingly contradictory ideologies, the concept of universal human rights is still viable.<\/strong><\/p>\n<p style=\"text-align: justify;\">A day before international Human Rights Day, the Estonian Institute of Human Rights will host its annual traditional Conference on Human Rights in Tallinn, Estonia for the sixth time. Each year the conference focuses on topical issues related to human rights.<\/p>\n<p style=\"text-align: justify;\">This year the theme of the conference will be human rights in a changing world \u2013 a world where the prevailing views have become too black-and-white. Global and regional crises are creating a new situation in which human rights are acquiring ever greater importance. The panels will discuss important local and international topics, focusing on how changing times also result in changes in the implementation of human rights.<\/p>\n<p style=\"text-align: justify;\"><strong>Estonian human rights report and immigrants\u2019 opinion survey 2016<\/strong><\/p>\n<p style=\"text-align: justify;\">The day will start with the introduction of a survey, which researched public opinion regarding the human rights situation in Estonia and examined the level of acclimation by the new immigrants. The research was conducted by the Estonian research agency Turu-uuringute AS.<\/p>\n<p style=\"text-align: justify;\">The survey conducted among the new immigrants examined their level of acclimation, interest in the Estonian language and visions for the future. At the conference we will get an overview of what Estonians and the foreigners living in Estonia think about the human rights situation in Estonia. The initial findings of the survey will be presented at the conference.<\/p>\n<p style=\"text-align: justify;\">After the introduction of the survey, a panel of experts will discuss the results of the survey and analyse the situation of the new immigrants and their opportunities for acclimation in Estonia.<\/p>\n<p style=\"text-align: justify;\"><strong>Freedom of speech in a multicultural Europe<\/strong><\/p>\n<p style=\"text-align: justify;\">During the second part of the day, we will discuss human rights values in Europe and the neighbouring countries. The migration crisis has raised questions related to human rights and made many people doubt the fundamental values of the European Union, while raising issues related to the freedom of speech and expression. Will humanist European convictions survive or will we soon see states rescinding the Convention on the Protection of Human Rights and Fundamental Freedoms? Ideologies have already raised their heads that we thought had already been consigned to the history books.<\/p>\n<p style=\"text-align: justify;\">We are interested in whether a uniform and effectively functioning Europe is even possible, when various political forces, as well as various ideas and cultures are vigorously confronting each other in neighbouring states. Populism has become a normal part of the public discourse in societies undergoing change, and many oppositional forces are seeking the support of the people.<\/p>\n<p style=\"text-align: justify;\">A crisis in the freedom of speech and immigration has reinstated the differences between Western and Eastern Europe. The political and economic elite finds itself in opposition with the \u201csimple people\u201d, cosmopolitan multiculturalism is at odds with the idea of nation-states. These developments make us wonder whether liberal views on cultural diversity will survive or are we moving toward significantly harsher principles of cultural integration. Based on the universality of human rights and discussing European values, we must ask, \u201cWho is European and who has the right to be European?\u201d We will examine whether the spread of extremist ideologies has caused a crisis in freedom of speech and expression.<\/p>\n<p style=\"text-align: justify;\"><strong>Collective human rights and propaganda<\/strong><\/p>\n<p style=\"text-align: justify;\">During third part of day, we will discuss collective human rights and the impact of propaganda thereon. Essentially, human rights are an individual\u2019s rights. However, to protect an individual\u2019s rights we must make collective agreements and law that may, under certain conditions, limit individual rights. Which is overriding \u2013 an individual\u2019s rights or collective rights? In a society where collective security is ensured, human rights can also be protected, but how much can an individual\u2019s rights be restricted in order to ensure collective security?<\/p>\n<p style=\"text-align: justify;\">The current situation and unanswered questions have created an opportunity for other interest groups to take advantage of the weaknesses in Western democracy and created a rise in populism in Europe and the United States. Russia is contrasting itself with the European project and offering their concept of the world as an alternative \u2013 a world in which human rights and democratic values are not the most important interests of the state. \u201cTraditional values\u201d and a \u201cstrong leader\u201d are offered as a counterbalance to supposedly weak Western politicians. This activity, which sows conflicts and doubts in European citizens results in a weakening of stability and the collapse of civil society. It also undermines faith in government. How can we cope with propaganda that is helping to deepen the crisis in European values? Considering the security situation, will human rights be just as important or do they need to be reinterpreted in the name of a collective defence?<\/p>\n<p style=\"text-align: justify;\"><span style=\"color: #136dc2;\">The conference, which has become an annual event in Tallinn, will bring together over 350 activists, diplomats, politicians, analysts and experts from Estonia and around the world, in order to tackle the important human rights issues of the day.<\/span><\/p>\n<p style=\"text-align: justify;\"><span style=\"color: #136dc2;\">The speakers who have participated in our conference in the past include Madeleine K. Albright, Marri\u00ebt Schuurman, Toomas Hendrik Ilves, Mustafa Dchemilev, Dalee Sambo Dorough, Nina Kchurcheva, Stephen J. Rapp, Zhanna Nemtsova, P\u00e9ter Szijj\u00e1rt\u00f3, Jan Knutsson, Vagn Joensen, Cuno Jakob Tarfusser, Richard Barrett, Quirine Eijkman, Mustafa Qadri, Kalev H. Leetaru, Artjom Troitski, Gentian Zyberi, Dunja Mijatovic, Thomas Zerdick, Malavika Jayaram, David Mothander, Douglas Davidson, Anja Mihr, Christopher McCrudden, Galina Timtchenko, Maria Makejeva, Dmitri Muratov, Marina Kaljurand and many others.<\/span><\/p>\n<p style=\"text-align: justify;\">The patron of the conference is Kersti Kaljulaid, the President of Estonia.<\/p>\n<p style=\"text-align: justify;\"><b>By invitation only.<\/b><\/p>\n<p style=\"text-align: justify;\">The organiser reserves the right to make changes in the schedule and the presenters.<\/p>\n","protected":false},"excerpt":{"rendered":"<p>Annual Conference of Human Rights 2016 Black-and-White Values in a Polarizing World The sixth annual Conference on Human Rights will <a class=\"moretag\" href=\"https:\/\/aastakonverents.humanrightsestonia.ee\/en\/conference-of-human-rights-2016\/introduction-2016-2\/\">Read more<\/a><\/p>\n","protected":false},"author":9,"featured_media":0,"parent":949,"menu_order":0,"comment_status":"closed","ping_status":"closed","template":"","meta":{"_acf_changed":false,"footnotes":""},"class_list":["post-965","page","type-page","status-publish","hentry"],"acf":[],"yoast_head":"<!-- This site is optimized with the Yoast SEO plugin v27.4 - https:\/\/yoast.com\/product\/yoast-seo-wordpress\/ -->\n<title>Introduction 2016 - Conference of Human Rights<\/title>\n<meta name=\"robots\" content=\"index, follow, max-snippet:-1, max-image-preview:large, max-video-preview:-1\" \/>\n<link rel=\"canonical\" href=\"https:\/\/aastakonverents.humanrightsestonia.ee\/en\/conference-of-human-rights-2016\/introduction-2016-2\/\" \/>\n<meta property=\"og:locale\" content=\"en_US\" \/>\n<meta property=\"og:type\" content=\"article\" \/>\n<meta property=\"og:title\" content=\"Introduction 2016 - Conference of Human Rights\" \/>\n<meta property=\"og:description\" content=\"Annual Conference of Human Rights 2016 Black-and-White Values in a Polarizing World The sixth annual Conference on Human Rights will Read more\" \/>\n<meta property=\"og:url\" content=\"https:\/\/aastakonverents.humanrightsestonia.ee\/en\/conference-of-human-rights-2016\/introduction-2016-2\/\" \/>\n<meta property=\"og:site_name\" content=\"Conference of Human Rights\" \/>\n<meta property=\"article:publisher\" content=\"https:\/\/www.facebook.com\/InimoigusteInstituut\/\" \/>\n<meta property=\"article:modified_time\" content=\"2016-11-28T13:32:03+00:00\" \/>\n<meta property=\"og:image\" content=\"https:\/\/aastakonverents.humanrightsestonia.ee\/wp\/wp-content\/uploads\/2020\/11\/ak-2020-social.jpg\" \/>\n\t<meta property=\"og:image:width\" content=\"1200\" \/>\n\t<meta property=\"og:image:height\" content=\"620\" \/>\n\t<meta property=\"og:image:type\" content=\"image\/jpeg\" \/>\n<meta name=\"twitter:card\" content=\"summary_large_image\" \/>\n<meta name=\"twitter:label1\" content=\"Est. reading time\" \/>\n\t<meta name=\"twitter:data1\" content=\"5 minutes\" \/>\n<script type=\"application\/ld+json\" class=\"yoast-schema-graph\">{\"@context\":\"https:\\\/\\\/schema.org\",\"@graph\":[{\"@type\":\"WebPage\",\"@id\":\"https:\\\/\\\/aastakonverents.humanrightsestonia.ee\\\/en\\\/conference-of-human-rights-2016\\\/introduction-2016-2\\\/\",\"url\":\"https:\\\/\\\/aastakonverents.humanrightsestonia.ee\\\/en\\\/conference-of-human-rights-2016\\\/introduction-2016-2\\\/\",\"name\":\"Introduction 2016 - Conference of Human Rights\",\"isPartOf\":{\"@id\":\"https:\\\/\\\/aastakonverents.humanrightsestonia.ee\\\/#website\"},\"datePublished\":\"2016-11-02T13:26:14+00:00\",\"dateModified\":\"2016-11-28T13:32:03+00:00\",\"breadcrumb\":{\"@id\":\"https:\\\/\\\/aastakonverents.humanrightsestonia.ee\\\/en\\\/conference-of-human-rights-2016\\\/introduction-2016-2\\\/#breadcrumb\"},\"inLanguage\":\"en-US\",\"potentialAction\":[{\"@type\":\"ReadAction\",\"target\":[\"https:\\\/\\\/aastakonverents.humanrightsestonia.ee\\\/en\\\/conference-of-human-rights-2016\\\/introduction-2016-2\\\/\"]}]},{\"@type\":\"BreadcrumbList\",\"@id\":\"https:\\\/\\\/aastakonverents.humanrightsestonia.ee\\\/en\\\/conference-of-human-rights-2016\\\/introduction-2016-2\\\/#breadcrumb\",\"itemListElement\":[{\"@type\":\"ListItem\",\"position\":1,\"name\":\"Home\",\"item\":\"https:\\\/\\\/aastakonverents.humanrightsestonia.ee\\\/en\\\/\"},{\"@type\":\"ListItem\",\"position\":2,\"name\":\"Conference of Human Rights 2016\",\"item\":\"https:\\\/\\\/aastakonverents.humanrightsestonia.ee\\\/en\\\/conference-of-human-rights-2016\\\/\"},{\"@type\":\"ListItem\",\"position\":3,\"name\":\"Introduction 2016\"}]},{\"@type\":\"WebSite\",\"@id\":\"https:\\\/\\\/aastakonverents.humanrightsestonia.ee\\\/#website\",\"url\":\"https:\\\/\\\/aastakonverents.humanrightsestonia.ee\\\/\",\"name\":\"Conference of Human Rights\",\"description\":\"The Annual Conference of Human Rights by Estonian Institute of Human Rights\",\"potentialAction\":[{\"@type\":\"SearchAction\",\"target\":{\"@type\":\"EntryPoint\",\"urlTemplate\":\"https:\\\/\\\/aastakonverents.humanrightsestonia.ee\\\/?s={search_term_string}\"},\"query-input\":{\"@type\":\"PropertyValueSpecification\",\"valueRequired\":true,\"valueName\":\"search_term_string\"}}],\"inLanguage\":\"en-US\"}]}<\/script>\n<!-- \/ Yoast SEO plugin. -->","yoast_head_json":{"title":"Introduction 2016 - Conference of Human Rights","robots":{"index":"index","follow":"follow","max-snippet":"max-snippet:-1","max-image-preview":"max-image-preview:large","max-video-preview":"max-video-preview:-1"},"canonical":"https:\/\/aastakonverents.humanrightsestonia.ee\/en\/conference-of-human-rights-2016\/introduction-2016-2\/","og_locale":"en_US","og_type":"article","og_title":"Introduction 2016 - Conference of Human Rights","og_description":"Annual Conference of Human Rights 2016 Black-and-White Values in a Polarizing World The sixth annual Conference on Human Rights will Read more","og_url":"https:\/\/aastakonverents.humanrightsestonia.ee\/en\/conference-of-human-rights-2016\/introduction-2016-2\/","og_site_name":"Conference of Human Rights","article_publisher":"https:\/\/www.facebook.com\/InimoigusteInstituut\/","article_modified_time":"2016-11-28T13:32:03+00:00","og_image":[{"width":1200,"height":620,"url":"https:\/\/aastakonverents.humanrightsestonia.ee\/wp\/wp-content\/uploads\/2020\/11\/ak-2020-social.jpg","type":"image\/jpeg"}],"twitter_card":"summary_large_image","twitter_misc":{"Est. reading time":"5 minutes"},"schema":{"@context":"https:\/\/schema.org","@graph":[{"@type":"WebPage","@id":"https:\/\/aastakonverents.humanrightsestonia.ee\/en\/conference-of-human-rights-2016\/introduction-2016-2\/","url":"https:\/\/aastakonverents.humanrightsestonia.ee\/en\/conference-of-human-rights-2016\/introduction-2016-2\/","name":"Introduction 2016 - Conference of Human Rights","isPartOf":{"@id":"https:\/\/aastakonverents.humanrightsestonia.ee\/#website"},"datePublished":"2016-11-02T13:26:14+00:00","dateModified":"2016-11-28T13:32:03+00:00","breadcrumb":{"@id":"https:\/\/aastakonverents.humanrightsestonia.ee\/en\/conference-of-human-rights-2016\/introduction-2016-2\/#breadcrumb"},"inLanguage":"en-US","potentialAction":[{"@type":"ReadAction","target":["https:\/\/aastakonverents.humanrightsestonia.ee\/en\/conference-of-human-rights-2016\/introduction-2016-2\/"]}]},{"@type":"BreadcrumbList","@id":"https:\/\/aastakonverents.humanrightsestonia.ee\/en\/conference-of-human-rights-2016\/introduction-2016-2\/#breadcrumb","itemListElement":[{"@type":"ListItem","position":1,"name":"Home","item":"https:\/\/aastakonverents.humanrightsestonia.ee\/en\/"},{"@type":"ListItem","position":2,"name":"Conference of Human Rights 2016","item":"https:\/\/aastakonverents.humanrightsestonia.ee\/en\/conference-of-human-rights-2016\/"},{"@type":"ListItem","position":3,"name":"Introduction 2016"}]},{"@type":"WebSite","@id":"https:\/\/aastakonverents.humanrightsestonia.ee\/#website","url":"https:\/\/aastakonverents.humanrightsestonia.ee\/","name":"Conference of Human Rights","description":"The Annual Conference of Human Rights by Estonian Institute of Human Rights","potentialAction":[{"@type":"SearchAction","target":{"@type":"EntryPoint","urlTemplate":"https:\/\/aastakonverents.humanrightsestonia.ee\/?s={search_term_string}"},"query-input":{"@type":"PropertyValueSpecification","valueRequired":true,"valueName":"search_term_string"}}],"inLanguage":"en-US"}]}},"_links":{"self":[{"href":"https:\/\/aastakonverents.humanrightsestonia.ee\/en\/wp-json\/wp\/v2\/pages\/965","targetHints":{"allow":["GET"]}}],"collection":[{"href":"https:\/\/aastakonverents.humanrightsestonia.ee\/en\/wp-json\/wp\/v2\/pages"}],"about":[{"href":"https:\/\/aastakonverents.humanrightsestonia.ee\/en\/wp-json\/wp\/v2\/types\/page"}],"author":[{"embeddable":true,"href":"https:\/\/aastakonverents.humanrightsestonia.ee\/en\/wp-json\/wp\/v2\/users\/9"}],"replies":[{"embeddable":true,"href":"https:\/\/aastakonverents.humanrightsestonia.ee\/en\/wp-json\/wp\/v2\/comments?post=965"}],"version-history":[{"count":8,"href":"https:\/\/aastakonverents.humanrightsestonia.ee\/en\/wp-json\/wp\/v2\/pages\/965\/revisions"}],"predecessor-version":[{"id":1259,"href":"https:\/\/aastakonverents.humanrightsestonia.ee\/en\/wp-json\/wp\/v2\/pages\/965\/revisions\/1259"}],"up":[{"embeddable":true,"href":"https:\/\/aastakonverents.humanrightsestonia.ee\/en\/wp-json\/wp\/v2\/pages\/949"}],"wp:attachment":[{"href":"https:\/\/aastakonverents.humanrightsestonia.ee\/en\/wp-json\/wp\/v2\/media?parent=965"}],"curies":[{"name":"wp","href":"https:\/\/api.w.org\/{rel}","templated":true}]}}